{"id":364,"date":"2022-06-13T10:34:26","date_gmt":"2022-06-13T08:34:26","guid":{"rendered":"http:\/\/www.polanski-bau.de\/?page_id=364"},"modified":"2022-08-31T11:19:31","modified_gmt":"2022-08-31T09:19:31","slug":"datenschutz","status":"publish","type":"page","link":"https:\/\/www.polanski-bau.de\/?page_id=364","title":{"rendered":"Datenschutz"},"content":{"rendered":"<p>Verantwortlich f\u00fcr den Inhalt der Website ist:<br \/>\nBAU POL<br \/>\nRafal Polanski<br \/>\nRheintalallee 3<br \/>\n50389 Wesseling<br \/>\n+4915210847192<br \/>\ninfo@polanski-bau.de<br \/>\nwww.polanski-bau.de\t<\/p>\n<p>Umsatzsteuer-ID &#8211; <\/p>\n<p>Haftungsausschluss &#8211; Allgemeine Informationen zur Website<br \/>\n1. Inhalt des Onlineangebotes<br \/>\nDie Firma Bau Pol Rafal Polanski, im Folgenden Autor genannt, \u00fcbernimmt keinerlei Gew\u00e4hr f\u00fcr die Aktualit\u00e4t, Korrektheit, Vollst\u00e4ndigkeit oder Qualit\u00e4t der bereitgestellten Informationen. Haftungsanspr\u00fcche gegen den Autor, welche sich auf Sch\u00e4den materieller oder ideeller Art beziehen, die durch die Nutzung oder Nichtnutzung der dargebotenen Informationen bzw. durch die Nutzung fehlerhafter und unvollst\u00e4ndiger Informationen verursacht wurden sind grunds\u00e4tzlich ausgeschlossen, sofern seitens des Autors kein nachweislich vors\u00e4tzliches oder grob fahrl\u00e4ssiges Verschulden vorliegt.<br \/>\nAlle Angebote sind freibleibend und unverbindlich. Der Autor beh\u00e4lt es sich ausdr\u00fccklich vor, Teile der Seiten oder das gesamte Angebot ohne gesonderte Ank\u00fcndigung zu ver\u00e4ndern, zu erg\u00e4nzen, zu l\u00f6schen oder die Ver\u00f6ffentlichung zeitweise oder endg\u00fcltig einzustellen.<br \/>\n2. Verweise und Links<br \/>\nDer Autor hat keinerlei Einfluss auf die aktuelle und zuk\u00fcnftige Gestaltung und auf die Inhalte der gelinkten\/verkn\u00fcpften Seiten. Deshalb distanziert er sich hiermit ausdr\u00fccklich von allen Inhalten aller gelinkten \/verkn\u00fcpften Seiten. Diese Feststellung gilt f\u00fcr alle innerhalb des eigenen Internetangebotes gesetzten Links und Verweise sowie f\u00fcr Fremdeintr\u00e4ge in vom Autor eingerichteten G\u00e4steb\u00fcchern, Diskussionsforen und Mailinglisten. F\u00fcr illegale, fehlerhafte oder unvollst\u00e4ndige Inhalte und insbesondere f\u00fcr Sch\u00e4den, die aus der Nutzung oder Nichtnutzung solcherart dargebotener Informationen entstehen, haftet allein der Anbieter der Seite, auf welche verwiesen wurde, nicht derjenige, der \u00fcber Links auf die jeweilige Ver\u00f6ffentlichung lediglich verweist.<br \/>\n3. Urheber- und Kennzeichenrecht<br \/>\nDer Autor ist bestrebt, in allen Publikationen die Urheberrechte der verwendeten Grafiken, Tondokumente, Videosequenzen und Texte zu beachten, von ihm selbst erstellte Grafiken, Tondokumente, Videosequenzen und Texte zu nutzen oder auf lizenzfreie Grafiken, Tondokumente, Videosequenzen und Texte zur\u00fcckzugreifen. Alle innerhalb des Internetangebotes genannten und ggf. durch Dritte gesch\u00fctzten Marken- und Warenzeichen unterliegen uneingeschr\u00e4nkt den Bestimmungen des jeweils g\u00fcltigen Kennzeichenrechts und den Besitzrechten der jeweiligen eingetragenen Eigent\u00fcmer. Das Copyright f\u00fcr ver\u00f6ffentlichte, vom Autor selbst erstellte Objekte bleibt allein beim Autor der Seiten. Eine Vervielf\u00e4ltigung oder Verwendung solcher Grafiken, Tondokumente, Videosequenzen und Texte in anderen elektronischen oder gedruckten Publikationen ist ohne ausdr\u00fcckliche Zustimmung des Autors nicht gestattet.<br \/>\n4. Datenschutzbestimmungen<br \/>\nPr\u00e4ambel<br \/>\nDie Bau Pol Rafal Polanski nimmt den Schutz Ihrer pers\u00f6nlichen Daten sehr ernst und beachtet die gesetzlichen Bestimmungen zum Datenschutz, insbesondere die des Bundesdatenschutzgesetzes und des Telemediengesetzes.<br \/>\nDie nachstehende Erkl\u00e4rung gibt Ihnen einen \u00dcberblick, Bau Pol Rafal Polanski den Schutz Ihrer Daten gew\u00e4hrleistet und welche Art von Daten zu welchen Zwecken erhoben, verarbeitet und genutzt werden.<br \/>\nSie k\u00f6nnen unsere Webseite\u00a0www.maxdach.de besuchen, ohne Angaben zu Ihrer Person zu machen.<\/p>\n<p>Erhebung, Verarbeitung und Nutzung personenbezogener Daten<br \/>\nPersonenbezogene Daten werden erhoben, wenn Sie uns diese im Rahmen Ihrer Bestellung mitteilen. Sofern Sie bei Bau Pol Rafal Polanski eine Bestellung vornehmen, erhebt Bau Pol Rafal Polanski die folgenden personenbezogenen Daten mittels einer Registrierungsmaske bzw. Formulars: Firmenname, Name des Ansprechpartners, Adresse, E-Mail-Adresse, Telefonnummer Bau Pol Rafal Polanski erhebt, verarbeitet und nutzt diese personenbezogenen Daten zur Durchf\u00fchrung des mit Ihnen geschlossenen Vertrages und nur in dem Umfang, der zu diesem Zwecke erforderlich ist. Zudem erhebt und speichert Bau Pol Rafal Polanski im Rahmen der Bestellung zur Absicherung gegen Betrugsf\u00e4lle mit Ihrer Einwilligung Ihre IP-Adresse in Verbindung mit dem Zeitpunkt des jeweiligen Nutzungsvorgangs sowie den anderen bei der Reservierung von Ihnen angegebenen personenbezogenen Daten \u00fcber das Ende des jeweiligen Nutzungsvorgangs hinaus und gibt diese im Falle des Vorliegens einer betr\u00fcgerischen Handlung zur Durchsetzung ihrer Anspr\u00fcche gegen Sie an Dritte (z.B. Polizei, Telekommunikationsunternehmen) weiter.<br \/>\nAuf Anfrage erhalten Sie jederzeit kostenlos Auskunft \u00fcber die zu Ihrer Person gespeicherten personenbezogenen Daten, deren Herkunft und Empf\u00e4nger sowie den Zweck der Datenspeicherung. Sofern Sie die Anfrage nicht pers\u00f6nlich vor Ort stellen, senden Sie Bau Pol Rafal Polanski Bau Pol Rafal Polanski bitte im Rahmen Ihrer Anfrage eine Kopie Ihres Lichtbildausweises mit. Sie k\u00f6nnen in der Kopie diejenigen Daten, die f\u00fcr Bau Pol Rafal Polanski nicht zwingend zur Identit\u00e4tspr\u00fcfung erforderlich sind, schw\u00e4rzen. So k\u00f6nnen Sie dazu beitragen, die unautorisierte Abfrage Ihrer pers\u00f6nlichen Daten durch Dritte zu vermeiden.<br \/>\nSie k\u00f6nnen die Einwilligung zur Erhebung, Verarbeitung und Nutzung Ihrer personenbezogenen Daten jederzeit kostenlos mit Wirkung f\u00fcr die Zukunft widerrufen. Sie k\u00f6nnen zudem jederzeit kostenlos die Berichtigung oder L\u00f6schung Ihrer personenbezogenen Daten verlangen. Bitte nehmen Sie hierzu per Post, Fax oder E-Mail Kontakt zu Bau Pol Rafal Polanski auf.<br \/>\nMit Beendigung des Schuldverh\u00e4ltnisses werden Ihre personenbezogenen Daten f\u00fcr die weitere Verwendung gesperrt und nach Ablauf der steuer- und handelsrechtlichen Vorschriften gel\u00f6scht, sofern Sie nicht ausdr\u00fccklich in die weitere Nutzung Ihrer Daten eingewilligt haben.<br \/>\n\u00dcbermittlung personenbezogener Daten<br \/>\nBau Pol Rafal Polanski gibt Ihre personenbezogenen Daten nicht an Dritte weiter, es sei denn, Sie haben in die Weitergabe ausdr\u00fccklich eingewilligt Bau Pol Rafal Polanski gesetzlich oder gerichtlich dazu verpflichtet, pers\u00f6nliche Daten zu \u00fcbermitteln oder bei den Dritten handelt es sich um Vertragspartner von Bau Pol Rafal Polanski, welche diese zur Abwicklung des Vertrages einsetzt (z.B. Zahlungsabwicklung, Belegerkennung). Die Weitergabe Ihrer personenbezogenen Daten an Dritten beschr\u00e4nkt sich dabei auf den zur Vertragsabwicklung erforderlichen Umfang.<br \/>\nDatensicherheit<br \/>\nIhre Daten werden durch technische Ma\u00dfnahmen gegen Verlust sowie gegen Zerst\u00f6rung, Zugriff, Ver\u00e4nderung oder Verbreitung durch unbefugte Dritte gesichert. Bei diesen Ma\u00dfnahmen handelt es sich um die Nutzung von Servern in Deutschland (Frankfurt a. M.), welche h\u00f6chsten Sicherheitsstandards entsprechen, eine\u00a0SSL-Verschl\u00fcsselung sowie regelm\u00e4\u00dfige Backups zur Sicherung Ihrer Daten durchf\u00fchren.<br \/>\nBau Pol Rafal Polanski weist jedoch\u00a0darauf hin, dass ein vollst\u00e4ndiger Schutz gegen alle denkbaren Gefahren unm\u00f6glich ist.<br \/>\nWir weisen darauf hin, dass die Daten\u00fcbertragung im Internet (z.B. bei der Kommunikation per E-Mail) Sicherheitsl\u00fccken aufweisen kann. Ein l\u00fcckenloser Schutz der Daten vor dem Zugriff durch Dritte ist nicht m\u00f6glich.<br \/>\nNutzung von Facebook-Plugins<br \/>\nAuf unseren Seiten sind Plugins des sozialen Netzwerks Facebook, 1601 South California Avenue, Palo Alto, CA 94304, USA integriert. Die Facebook-Plugins erkennen Sie an dem Facebook-Logo oder dem \u201eLike-Button\u201c (\u201eGef\u00e4llt mir\u201c) auf unserer Seite. Eine \u00dcbersicht \u00fcber die Facebook-Plugins finden Sie hier: http:\/\/developers.facebook.com\/docs\/plugins\/.<br \/>\nWenn Sie unsere Seiten besuchen, wird \u00fcber das Plugin eine direkte Verbindung zwischen Ihrem Browser und dem Facebook-Server hergestellt. Facebook erh\u00e4lt dadurch die Information, dass Sie mit Ihrer IP-Adresse unsere Seite besucht haben. Wenn Sie den Facebook \u201eLike-Button\u201c anklicken w\u00e4hrend Sie in Ihrem Facebook-Account eingeloggt sind, k\u00f6nnen Sie die Inhalte unserer Seiten auf Ihrem Facebook-Profil verlinken. Dadurch kann Facebook den Besuch unserer Seiten Ihrem Benutzerkonto zuordnen. Wir weisen darauf hin, dass wir als Anbieter der Seiten keine Kenntnis vom Inhalt der \u00fcbermittelten Daten sowie deren Nutzung durch Facebook erhalten. Weitere Informationen hierzu finden Sie in der Datenschutzerkl\u00e4rung von facebook unter\u00a0https:\/\/de-de.facebook.com\/policy.php<br \/>\nWenn Sie nicht w\u00fcnschen, dass Facebook den Besuch unserer Seiten Ihrem Facebook-Nutzerkonto zuordnen kann, loggen Sie sich bitte aus Ihrem Facebook-Benutzerkonto aus.<br \/>\nNutzung von Google Analytics<br \/>\nDiese Website benutzt Google Analytics, einen Webanalysedienst der Google Inc. (\u201eGoogle\u201c). Google Analytics verwendet sog. \u201eCookies\u201c, Textdateien, die auf Ihrem Computer gespeichert werden und die eine Analyse der Benutzung der Website durch Sie erm\u00f6glichen. Die durch den Cookie erzeugten Informationen \u00fcber Ihre Benutzung dieser Website werden in der Regel an einen Server von Google in den USA \u00fcbertragen und dort gespeichert. Auf dieser Webseite wird die IP-Anonymisierung aktiviert, so dass Ihre IP-Adresse von Google innerhalb von Mitgliedstaaten der Europ\u00e4ischen Union oder in anderen Vertragsstaaten des Abkommens \u00fcber den Europ\u00e4ischen Wirtschaftsraum zuvor gek\u00fcrzt wird. Nur in Ausnahmef\u00e4llen wird die volle IP-Adresse an einen Server von Google in den USA \u00fcbertragen und dort gek\u00fcrzt. Im Auftrag des Betreibers dieser Website wird Google diese Informationen benutzen, um Ihre Nutzung der Website auszuwerten, um Reports \u00fcber die Websiteaktivit\u00e4ten zusammenzustellen und um weitere mit der Websitenutzung und der Internetnutzung verbundene Dienstleistungen gegen\u00fcber dem Websitebetreiber zu erbringen. Die im Rahmen von Google Analytics von Ihrem Browser \u00fcbermittelte IP-Adresse wird nicht mit anderen Daten von Google zusammengef\u00fchrt.<br \/>\nSie k\u00f6nnen die Speicherung der Cookies durch eine entsprechende Einstellung Ihrer Browser-Software verhindern; wir weisen Sie jedoch darauf hin, dass Sie in diesem Fall gegebenenfalls nicht s\u00e4mtliche Funktionen dieser Website vollumf\u00e4nglich werden nutzen k\u00f6nnen. Sie k\u00f6nnen dar\u00fcber hinaus die Erfassung der durch das Cookie erzeugten und auf Ihre Nutzung der Website bezogenen Daten (inkl. Ihrer IP-Adresse) an Google sowie die Verarbeitung dieser Daten durch Google verhindern, indem sie das unter dem folgenden Link verf\u00fcgbare Browser-Plugin herunterladen und installieren:\u00a0https:\/\/tools.google.com\/dlpage\/gaoptout?hl=de.<br \/>\nNutzung von Twitter<br \/>\nAuf unseren Seiten sind Funktionen des Dienstes Twitter eingebunden. Diese Funktionen werden angeboten durch die Twitter Inc., 1355 Market St, Suite 900, San Francisco, CA 94103, USA. Durch das Benutzen von Twitter und der Funktion \u201eRe-Tweet\u201c werden die von Ihnen besuchten Webseiten mit Ihrem Twitter-Account verkn\u00fcpft und anderen Nutzern bekannt gegeben. Dabei werden auch Daten an Twitter \u00fcbertragen. Wir weisen darauf hin, dass wir als Anbieter der Seiten keine Kenntnis vom Inhalt der \u00fcbermittelten Daten sowie deren Nutzung durch Twitter erhalten. Weitere Informationen hierzu finden Sie in der Datenschutzerkl\u00e4rung von Twitter unter\u00a0https:\/\/twitter.com\/privacy. Ihre Datenschutzeinstellungen bei Twitter k\u00f6nnen Sie in den Konto-Einstellungen unter\u00a0https:\/\/twitter.com\/account\/settings\u00a0\u00e4ndern.<br \/>\nNutzung von Dropbox<br \/>\nIn unserer Anwendung haben Sie die M\u00f6glichkeit, eine Verkn\u00fcpfung mit Ihrer Dropbox zum Zwecke der einfacheren Synchronisierung Ihrer Belege vorzunehmen. Diese Dienstleistung wird angeboten von Dropbox Inc., 185 Berry Street, Ste 400, San Francisco, CA 94107, USA. Bei der Nutzung von Dropbox gelten die Dropbox-Datenschutzrichtlinien, welche unter\u00a0https:\/\/www.dropbox.com\/de\/privacy\u00a0abgerufen werden k\u00f6nnen.<br \/>\nNutzung von ABBYY Cloud OCR SDK<br \/>\nZum Auslesen von Beleginformationen (Belegerkennung) werden die vom Nutzer hochgeladenen Dokumente an das Partnerunternehmens ABBYY \u00fcbermittelt. Die Belege werden in Datenzentren in Dublin (Irland) und Amsterdam (Niederlande) bearbeitet und nach einem Tag wieder von den Servern von ABBYY gel\u00f6scht.<br \/>\nF\u00fcr die Nutzung des Belegerkennungsservices gelten die Datenschutzbestimmungen von ABBYY, welche unter\u00a0http:\/\/www.abbyy.com\/privacy\/\u00a0abgerufen werden k\u00f6nnen. Weitere Informationen bez\u00fcglich des cloudbasierten Belegerkennungsdienstes von ABBYY k\u00f6nnen auch unter\u00a0https:\/\/abbyy.technology\/en:products:cloud-ocr:faq\u00a0abgerufen werden.<br \/>\n5.Cookies<br \/>\nDie Internetseiten verwenden teilweise so genannte Cookies. Cookies richten auf Ihrem Rechner keinen Schaden an und enthalten keine Viren. Cookies dienen dazu, unser Angebot nutzerfreundlicher, effektiver und sicherer zu machen. Cookies sind kleine Textdateien, die auf Ihrem Rechner abgelegt werden und die Ihr Browser speichert.<br \/>\nDie meisten der von uns verwendeten Cookies sind so genannte \u201eSession-Cookies\u201c. Sie werden nach Ende Ihres Besuchs automatisch gel\u00f6scht. Andere Cookies bleiben auf Ihrem Endger\u00e4t gespeichert, bis Sie diese l\u00f6schen. Diese Cookies erm\u00f6glichen es uns, Ihren Browser beim n\u00e4chsten Besuch wiederzuerkennen.<br \/>\nSie k\u00f6nnen Ihren Browser so einstellen, dass Sie \u00fcber das Setzen von Cookies informiert werden und Cookies nur im Einzelfall erlauben, die Annahme von Cookies f\u00fcr bestimmte F\u00e4lle oder generell ausschlie\u00dfen sowie das automatische L\u00f6schen der Cookies beim Schlie\u00dfen des Browser aktivieren. Bei der Deaktivierung von Cookies kann die Funktionalit\u00e4t dieser Website eingeschr\u00e4nkt sein.<br \/>\n6.Kontaktformular<br \/>\nWenn Sie uns per Kontaktformular Anfragen zukommen lassen, werden Ihre Angaben aus dem Anfrageformular inklusive der von Ihnen dort angegebenen Kontaktdaten zwecks Bearbeitung der Anfrage und f\u00fcr den Fall von Anschlussfragen bei uns gespeichert. Diese Daten geben wir nicht ohne Ihre Einwilligung weiter.<br \/>\n7. Rechtswirksamkeit dieses Haftungsausschlusses<br \/>\nDieser Haftungsausschluss ist als Teil des Internetangebotes zu betrachten, von dem aus auf diese Seite verwiesen wurde. Sofern Teile oder einzelne Formulierungen dieses Textes der geltenden Rechtslage nicht, nicht mehr oder nicht vollst\u00e4ndig entsprechen sollten, bleiben die \u00fcbrigen Teile des Dokumentes in ihrem Inhalt und ihrer G\u00fcltigkeit davon unber\u00fchrt.<br \/>\nQuellen<br \/>\neRecht24 Disclaimer, Facebook Datenschutzerkl\u00e4rung, Google Analytics Bedingungen, Twitter Datenschutzerkl\u00e4rung, Datenschutzerkl\u00e4rung von PayPal, Impressum von Adyen, Dropbox-Datenschutzrichtlinien, ABBYY Datenschutzrichtlinien<\/p>\n","protected":false},"excerpt":{"rendered":"<p>Verantwortlich f\u00fcr den Inhalt der Website ist: BAU POL Rafal Polanski Rheintalallee 3 50389 Wesseling +4915210847192 info@polanski-bau.de www.polanski-bau.de Umsatzsteuer-ID &#8211; Haftungsausschluss &#8211; Allgemeine Informationen zur Website 1. Inhalt des Onlineangebotes Die Firma Bau Pol Rafal Polanski, im Folgenden Autor genannt, \u00fcbernimmt keinerlei Gew\u00e4hr f\u00fcr die Aktualit\u00e4t, Korrektheit, Vollst\u00e4ndigkeit oder Qualit\u00e4t der bereitgestellten Informationen. Haftungsanspr\u00fcche gegen [&hellip;]<\/p>\n","protected":false},"author":1,"featured_media":0,"parent":0,"menu_order":0,"comment_status":"closed","ping_status":"closed","template":"","meta":{"footnotes":""},"class_list":["post-364","page","type-page","status-publish","hentry"],"_links":{"self":[{"href":"https:\/\/www.polanski-bau.de\/index.php?rest_route=\/wp\/v2\/pages\/364","targetHints":{"allow":["GET"]}}],"collection":[{"href":"https:\/\/www.polanski-bau.de\/index.php?rest_route=\/wp\/v2\/pages"}],"about":[{"href":"https:\/\/www.polanski-bau.de\/index.php?rest_route=\/wp\/v2\/types\/page"}],"author":[{"embeddable":true,"href":"https:\/\/www.polanski-bau.de\/index.php?rest_route=\/wp\/v2\/users\/1"}],"replies":[{"embeddable":true,"href":"https:\/\/www.polanski-bau.de\/index.php?rest_route=%2Fwp%2Fv2%2Fcomments&post=364"}],"version-history":[{"count":3,"href":"https:\/\/www.polanski-bau.de\/index.php?rest_route=\/wp\/v2\/pages\/364\/revisions"}],"predecessor-version":[{"id":508,"href":"https:\/\/www.polanski-bau.de\/index.php?rest_route=\/wp\/v2\/pages\/364\/revisions\/508"}],"wp:attachment":[{"href":"https:\/\/www.polanski-bau.de\/index.php?rest_route=%2Fwp%2Fv2%2Fmedia&parent=364"}],"curies":[{"name":"wp","href":"https:\/\/api.w.org\/{rel}","templated":true}]}}