{"id":166,"date":"2020-12-04T11:47:06","date_gmt":"2020-12-04T10:47:06","guid":{"rendered":"http:\/\/internetseite-projekt.de\/globalbau-gmbh.de\/?page_id=166"},"modified":"2024-10-28T11:01:09","modified_gmt":"2024-10-28T10:01:09","slug":"impressum","status":"publish","type":"page","link":"https:\/\/www.polanski-bau.de\/?page_id=166","title":{"rendered":"Impressum"},"content":{"rendered":"<p><strong>BAU POL<\/strong><br \/>\nInhaber: Rafa\u0142 Pola\u0144ski<br \/>\nBellerstr. 6<br \/>\n50354 H\u00fcrth<br \/>\nDeutschland<\/p>\n<p><strong>Kontakt<\/strong><br \/>\nTelefon: +49 152 10847192<br \/>\nE-Mail: <a rel=\"noopener\">info@polanski-bau.de<\/a><br \/>\nWebsite: <a href=\"http:\/\/www.polanski-bau.de\" target=\"_new\" rel=\"noopener\">www.polanski-bau.de<\/a><\/p>\n<p><strong>Zugeh\u00f6rigkeit zu berufsst\u00e4ndischen Organisationen:<\/strong><br \/>\nMitglied der Handwerkskammer K\u00f6ln<\/p>\n<p><strong>Berufshaftpflichtversicherung<\/strong><br \/>\nVersicherer: VHV Versicherung<br \/>\nGeltungsbereich der Versicherung: Deutschland<\/p>\n<p><strong>Umsatzsteuer-Identifikationsnummer<\/strong><br \/>\nUSt-IdNr.: DE8123150613<\/p>\n<p><strong>Verantwortlich f\u00fcr den Inhalt gem\u00e4\u00df \u00a7 18 Abs. 2 MStV<\/strong><br \/>\nRafa\u0142 Pola\u0144ski<br \/>\nBellerstr. 6<br \/>\n50354 H\u00fcrth<\/p>\n<p><strong>Hinweis gem\u00e4\u00df \u00a7 36 VSBG (Verbraucherstreitbeilegungsgesetz)<\/strong><br \/>\nZur Teilnahme an einem Streitbeilegungsverfahren vor einer Verbraucherschlichtungsstelle sind wir weder verpflichtet noch bereit.<\/p>\n<p><strong>Haftungsausschluss<\/strong><br \/>\nDie Inhalte unserer Seiten wurden mit gr\u00f6\u00dfter Sorgfalt erstellt. F\u00fcr die Richtigkeit, Vollst\u00e4ndigkeit und Aktualit\u00e4t der Inhalte k\u00f6nnen wir jedoch keine Gew\u00e4hr \u00fcbernehmen.<br \/>\nAls Diensteanbieter sind wir gem\u00e4\u00df \u00a7 7 Abs.1 TMG f\u00fcr eigene Inhalte auf diesen Seiten nach den allgemeinen Gesetzen verantwortlich. Nach \u00a7\u00a7 8 bis 10 TMG sind wir als Diensteanbieter jedoch nicht verpflichtet, \u00fcbermittelte oder gespeicherte fremde Informationen zu \u00fcberwachen oder nach Umst\u00e4nden zu forschen, die auf eine rechtswidrige T\u00e4tigkeit hinweisen. Verpflichtungen zur Entfernung oder Sperrung der Nutzung von Informationen nach den allgemeinen Gesetzen bleiben hiervon unber\u00fchrt. Eine diesbez\u00fcgliche Haftung ist jedoch erst ab dem Zeitpunkt der Kenntnis einer konkreten Rechtsverletzung m\u00f6glich. Bei Bekanntwerden von entsprechenden Rechtsverletzungen werden wir diese Inhalte umgehend entfernen.<br \/>\nTrotz sorgf\u00e4ltiger inhaltlicher Kontrolle \u00fcbernehmen wir keine Haftung f\u00fcr die Inhalte externer Links. F\u00fcr den Inhalt der verlinkten Seiten sind ausschlie\u00dflich deren Betreiber verantwortlich.<\/p>\n<p><strong>Urheberrecht<\/strong><br \/>\nDie durch die Seitenbetreiber erstellten Inhalte und Werke auf diesen Seiten unterliegen dem deutschen Urheberrecht. Beitr\u00e4ge Dritter sind als solche gekennzeichnet. Die Vervielf\u00e4ltigung, Bearbeitung, Verbreitung und jede Art der Verwertung au\u00dferhalb der Grenzen des Urheberrechtes bed\u00fcrfen der schriftlichen Zustimmung des jeweiligen Autors bzw. Erstellers. Downloads und Kopien dieser Seite sind nur f\u00fcr den privaten, nicht kommerziellen Gebrauch gestattet.<br \/>\nSoweit die Inhalte auf dieser Seite nicht vom Betreiber erstellt wurden, werden die Urheberrechte Dritter beachtet. Insbesondere werden Inhalte Dritter als solche gekennzeichnet. Sollten Sie trotzdem auf eine Urheberrechtsverletzung aufmerksam werden, bitten wir um einen entsprechenden Hinweis. Bei Bekanntwerden von Rechtsverletzungen werden wir derartige Inhalte umgehend entfernen.<\/p>\n<p><strong>Online-Streitbeilegung gem\u00e4\u00df Art. 14 Abs. 1 ODR-VO<\/strong><br \/>\nDie Europ\u00e4ische Kommission stellt eine Plattform zur Online-Streitbeilegung (OS) bereit, die Sie unter <a href=\"https:\/\/ec.europa.eu\/consumers\/odr\/\" target=\"_new\" rel=\"noopener\">https:\/\/ec.europa.eu\/consumers\/odr\/<\/a> finden. Zur Teilnahme an einem Streitbeilegungsverfahren vor einer Verbraucherschlichtungsstelle sind wir nicht verpflichtet und nicht bereit.<\/p>\n","protected":false},"excerpt":{"rendered":"<p>BAU POL Inhaber: Rafa\u0142 Pola\u0144ski Bellerstr. 6 50354 H\u00fcrth Deutschland Kontakt Telefon: +49 152 10847192 E-Mail: info@polanski-bau.de Website: www.polanski-bau.de Zugeh\u00f6rigkeit zu berufsst\u00e4ndischen Organisationen: Mitglied der Handwerkskammer K\u00f6ln Berufshaftpflichtversicherung Versicherer: VHV Versicherung Geltungsbereich der Versicherung: Deutschland Umsatzsteuer-Identifikationsnummer USt-IdNr.: DE8123150613 Verantwortlich f\u00fcr den Inhalt gem\u00e4\u00df \u00a7 18 Abs. 2 MStV Rafa\u0142 Pola\u0144ski Bellerstr. 6 50354 H\u00fcrth Hinweis [&hellip;]<\/p>\n","protected":false},"author":1,"featured_media":0,"parent":0,"menu_order":0,"comment_status":"closed","ping_status":"closed","template":"","meta":{"footnotes":""},"class_list":["post-166","page","type-page","status-publish","hentry"],"_links":{"self":[{"href":"https:\/\/www.polanski-bau.de\/index.php?rest_route=\/wp\/v2\/pages\/166","targetHints":{"allow":["GET"]}}],"collection":[{"href":"https:\/\/www.polanski-bau.de\/index.php?rest_route=\/wp\/v2\/pages"}],"about":[{"href":"https:\/\/www.polanski-bau.de\/index.php?rest_route=\/wp\/v2\/types\/page"}],"author":[{"embeddable":true,"href":"https:\/\/www.polanski-bau.de\/index.php?rest_route=\/wp\/v2\/users\/1"}],"replies":[{"embeddable":true,"href":"https:\/\/www.polanski-bau.de\/index.php?rest_route=%2Fwp%2Fv2%2Fcomments&post=166"}],"version-history":[{"count":9,"href":"https:\/\/www.polanski-bau.de\/index.php?rest_route=\/wp\/v2\/pages\/166\/revisions"}],"predecessor-version":[{"id":639,"href":"https:\/\/www.polanski-bau.de\/index.php?rest_route=\/wp\/v2\/pages\/166\/revisions\/639"}],"wp:attachment":[{"href":"https:\/\/www.polanski-bau.de\/index.php?rest_route=%2Fwp%2Fv2%2Fmedia&parent=166"}],"curies":[{"name":"wp","href":"https:\/\/api.w.org\/{rel}","templated":true}]}}