{"id":157,"date":"2020-12-04T11:44:27","date_gmt":"2020-12-04T10:44:27","guid":{"rendered":"http:\/\/internetseite-projekt.de\/globalbau-gmbh.de\/?page_id=157"},"modified":"2020-12-04T11:46:13","modified_gmt":"2020-12-04T10:46:13","slug":"leistungen","status":"publish","type":"page","link":"https:\/\/www.polanski-bau.de\/?page_id=157","title":{"rendered":"Leistungen"},"content":{"rendered":"<div class=\"row vw-cleaning-short-projects\" id=\"vw-cleaning-our-projects\">\n            <div class=\"col-lg-4 col-md-6\">\n              <div class=\"vw-cleaning-box vw-cleaning-project-image\">\n                <img decoding=\"async\" src=\"https:\/\/www.polanski-bau.de\/wp-content\/uploads\/2023\/04\/11.jpg\" alt=\"Bodenbel\u00e4ge post thumbnail icon\" \/>\n                <div class=\"vw-cleaning-box-content\">\n                  <div class=\"vw-cleaning-content\">\n                    <h5><a href=\"https:\/\/www.polanski-bau.de\/?projects=bodenbelage\">Bodenbel\u00e4ge<\/a><\/h5>\n                    <span>\n                      \n                    <\/span>\n                    <div class=\"vw-cleaning-project-text\">\n                      Der neue Boden steht nicht nur f\u00fcr \u00c4sthetik, sondern auch f\u00fcr akustische&hellip;\n                    <\/div> \n                  <\/div>\n                <\/div>\n              <\/div>\n            <\/div>\n            <div class=\"col-lg-4 col-md-6\">\n              <div class=\"vw-cleaning-box vw-cleaning-project-image\">\n                <img decoding=\"async\" src=\"https:\/\/www.polanski-bau.de\/wp-content\/uploads\/2020\/12\/22-3.jpg\" alt=\"Renovierung &#038; Innnenausbau post thumbnail icon\" \/>\n                <div class=\"vw-cleaning-box-content\">\n                  <div class=\"vw-cleaning-content\">\n                    <h5><a href=\"https:\/\/www.polanski-bau.de\/?projects=project-title-5\">Renovierung &#038; Innnenausbau<\/a><\/h5>\n                    <span>\n                      \n                    <\/span>\n                    <div class=\"vw-cleaning-project-text\">\n                      Erfrischen Sie das Innere Ihres Hauses und gewinnen Sie neuen Raum! Unser&hellip;\n                    <\/div> \n                  <\/div>\n                <\/div>\n              <\/div>\n            <\/div><div class=\"clearfix\"><\/div>\n            <div class=\"col-lg-4 col-md-6\">\n              <div class=\"vw-cleaning-box vw-cleaning-project-image\">\n                <img decoding=\"async\" src=\"https:\/\/www.polanski-bau.de\/wp-content\/uploads\/2020\/12\/22-1.jpg\" alt=\"Fliesen und Badezimmergestaltung \u2013 Der perfekte Abschluss f\u00fcr Ihr Badezimmer post thumbnail icon\" \/>\n                <div class=\"vw-cleaning-box-content\">\n                  <div class=\"vw-cleaning-content\">\n                    <h5><a href=\"https:\/\/www.polanski-bau.de\/?projects=badsanierung\">Fliesen und Badezimmergestaltung \u2013 Der perfekte Abschluss f\u00fcr Ihr Badezimmer<\/a><\/h5>\n                    <span>\n                      \n                    <\/span>\n                    <div class=\"vw-cleaning-project-text\">\n                      Warum Fliesen eine wichtige Rolle bei der Badezimmergestaltung spielen Fliesen sind das&hellip;\n                    <\/div> \n                  <\/div>\n                <\/div>\n              <\/div>\n            <\/div>\n            <div class=\"col-lg-4 col-md-6\">\n              <div class=\"vw-cleaning-box vw-cleaning-project-image\">\n                <img decoding=\"async\" src=\"https:\/\/www.polanski-bau.de\/wp-content\/uploads\/2023\/01\/11.jpg\" alt=\"Trockenbau \u2013 moderne L\u00f6sungen f\u00fcr jedes Interieur post thumbnail icon\" \/>\n                <div class=\"vw-cleaning-box-content\">\n                  <div class=\"vw-cleaning-content\">\n                    <h5><a href=\"https:\/\/www.polanski-bau.de\/?projects=project-title-4\">Trockenbau \u2013 moderne L\u00f6sungen f\u00fcr jedes Interieur<\/a><\/h5>\n                    <span>\n                      \n                    <\/span>\n                    <div class=\"vw-cleaning-project-text\">\n                      Was ist Trockenbau? Trockenbau ist eine Bauweise, die weltweit an Popularit\u00e4t gewonnen&hellip;\n                    <\/div> \n                  <\/div>\n                <\/div>\n              <\/div>\n            <\/div><div class=\"clearfix\"><\/div>\n            <div class=\"col-lg-4 col-md-6\">\n              <div class=\"vw-cleaning-box vw-cleaning-project-image\">\n                <img decoding=\"async\" src=\"https:\/\/www.polanski-bau.de\/wp-content\/uploads\/2020\/12\/a1-1.jpg\" alt=\"Malerarbeiten post thumbnail icon\" \/>\n                <div class=\"vw-cleaning-box-content\">\n                  <div class=\"vw-cleaning-content\">\n                    <h5><a href=\"https:\/\/www.polanski-bau.de\/?projects=wandverkleidung-und-farben\">Malerarbeiten<\/a><\/h5>\n                    <span>\n                      \n                    <\/span>\n                    <div class=\"vw-cleaning-project-text\">\n                      Mit unserem Team streichen Sie schnell und effizient die W\u00e4nde in Ihrer&hellip;\n                    <\/div> \n                  <\/div>\n                <\/div>\n              <\/div>\n            <\/div>\n","protected":false},"excerpt":{"rendered":"","protected":false},"author":1,"featured_media":0,"parent":0,"menu_order":0,"comment_status":"closed","ping_status":"closed","template":"","meta":{"footnotes":""},"class_list":["post-157","page","type-page","status-publish","hentry"],"_links":{"self":[{"href":"https:\/\/www.polanski-bau.de\/index.php?rest_route=\/wp\/v2\/pages\/157","targetHints":{"allow":["GET"]}}],"collection":[{"href":"https:\/\/www.polanski-bau.de\/index.php?rest_route=\/wp\/v2\/pages"}],"about":[{"href":"https:\/\/www.polanski-bau.de\/index.php?rest_route=\/wp\/v2\/types\/page"}],"author":[{"embeddable":true,"href":"https:\/\/www.polanski-bau.de\/index.php?rest_route=\/wp\/v2\/users\/1"}],"replies":[{"embeddable":true,"href":"https:\/\/www.polanski-bau.de\/index.php?rest_route=%2Fwp%2Fv2%2Fcomments&post=157"}],"version-history":[{"count":4,"href":"https:\/\/www.polanski-bau.de\/index.php?rest_route=\/wp\/v2\/pages\/157\/revisions"}],"predecessor-version":[{"id":572,"href":"https:\/\/www.polanski-bau.de\/index.php?rest_route=\/wp\/v2\/pages\/157\/revisions\/572"}],"wp:attachment":[{"href":"https:\/\/www.polanski-bau.de\/index.php?rest_route=%2Fwp%2Fv2%2Fmedia&parent=157"}],"curies":[{"name":"wp","href":"https:\/\/api.w.org\/{rel}","templated":true}]}}