{"id":204,"date":"2020-12-04T12:18:36","date_gmt":"2020-12-04T11:18:36","guid":{"rendered":"http:\/\/internetseite-projekt.de\/globalbau-gmbh.de\/?page_id=204"},"modified":"2020-12-04T12:18:49","modified_gmt":"2020-12-04T11:18:49","slug":"fur-gewerbekunden","status":"publish","type":"page","link":"http:\/\/www.polanski-bau.de\/?page_id=204","title":{"rendered":"F\u00fcr Gewerbekunden"},"content":{"rendered":"\n<p>F\u00fcr gro\u00dfe und kleine Industrieunternehmen aus der Region f\u00fchren wir, zum Teil als langj\u00e4hriger Partner, vielseitige Unterhaltungs- und Wartungsarbeiten aus. Durch einen festen Mitarbeiterstamm sind wir in der Lage flexibel auf Ihre Terminvorgaben zu reagieren und selbst kurzfristig gr\u00f6\u00dfere Auftr\u00e4ge zuverl\u00e4ssig abzuwickeln. Unsere St\u00e4rken: \u2022 Flexibilit\u00e4t \u2022 Zuverl\u00e4ssigkeit \u2022 Neuste Technik \u2022 Geschulte Mitarbeiter \u2022 Jahrzehntelange Erfahrung \u2022 Enge Zusammenarbeit mit Fachberatern<\/p>\n","protected":false},"excerpt":{"rendered":"<p>F\u00fcr gro\u00dfe und kleine Industrieunternehmen aus der Region f\u00fchren wir, zum Teil als langj\u00e4hriger Partner, vielseitige Unterhaltungs- und Wartungsarbeiten aus. Durch einen festen Mitarbeiterstamm sind wir in der Lage flexibel auf Ihre Terminvorgaben zu reagieren und selbst kurzfristig gr\u00f6\u00dfere Auftr\u00e4ge zuverl\u00e4ssig abzuwickeln. Unsere St\u00e4rken: \u2022 Flexibilit\u00e4t \u2022 Zuverl\u00e4ssigkeit \u2022 Neuste Technik \u2022 Geschulte Mitarbeiter \u2022 [&hellip;]<\/p>\n","protected":false},"author":1,"featured_media":0,"parent":0,"menu_order":0,"comment_status":"closed","ping_status":"closed","template":"","meta":{"footnotes":""},"class_list":["post-204","page","type-page","status-publish","hentry"],"_links":{"self":[{"href":"http:\/\/www.polanski-bau.de\/index.php?rest_route=\/wp\/v2\/pages\/204","targetHints":{"allow":["GET"]}}],"collection":[{"href":"http:\/\/www.polanski-bau.de\/index.php?rest_route=\/wp\/v2\/pages"}],"about":[{"href":"http:\/\/www.polanski-bau.de\/index.php?rest_route=\/wp\/v2\/types\/page"}],"author":[{"embeddable":true,"href":"http:\/\/www.polanski-bau.de\/index.php?rest_route=\/wp\/v2\/users\/1"}],"replies":[{"embeddable":true,"href":"http:\/\/www.polanski-bau.de\/index.php?rest_route=%2Fwp%2Fv2%2Fcomments&post=204"}],"version-history":[{"count":2,"href":"http:\/\/www.polanski-bau.de\/index.php?rest_route=\/wp\/v2\/pages\/204\/revisions"}],"predecessor-version":[{"id":206,"href":"http:\/\/www.polanski-bau.de\/index.php?rest_route=\/wp\/v2\/pages\/204\/revisions\/206"}],"wp:attachment":[{"href":"http:\/\/www.polanski-bau.de\/index.php?rest_route=%2Fwp%2Fv2%2Fmedia&parent=204"}],"curies":[{"name":"wp","href":"https:\/\/api.w.org\/{rel}","templated":true}]}}