{"id":201,"date":"2020-12-04T12:18:00","date_gmt":"2020-12-04T11:18:00","guid":{"rendered":"http:\/\/internetseite-projekt.de\/globalbau-gmbh.de\/?page_id=201"},"modified":"2020-12-04T12:18:25","modified_gmt":"2020-12-04T11:18:25","slug":"fur-privatkunden","status":"publish","type":"page","link":"http:\/\/www.polanski-bau.de\/?page_id=201","title":{"rendered":"F\u00fcr Privatkunden"},"content":{"rendered":"\n<p>Wir sind sehr stolz viele treue Privatleute zu unseren langj\u00e4hrigen Kunden z\u00e4hlen zu d\u00fcrfen. Neue Interessenten sind ebenfalls jederzeit herzlich willkommen. Sie k\u00f6nnen sich gerne selber davon \u00fcberzeugen, dass wir alle Arbeiten mit \u00e4u\u00dferster Professionalit\u00e4t, Zuverl\u00e4ssigkeit und zu Ihrer vollsten Zufriedenheit ausf\u00fchren werden.<\/p>\n","protected":false},"excerpt":{"rendered":"<p>Wir sind sehr stolz viele treue Privatleute zu unseren langj\u00e4hrigen Kunden z\u00e4hlen zu d\u00fcrfen. Neue Interessenten sind ebenfalls jederzeit herzlich willkommen. Sie k\u00f6nnen sich gerne selber davon \u00fcberzeugen, dass wir alle Arbeiten mit \u00e4u\u00dferster Professionalit\u00e4t, Zuverl\u00e4ssigkeit und zu Ihrer vollsten Zufriedenheit ausf\u00fchren werden.<\/p>\n","protected":false},"author":1,"featured_media":0,"parent":0,"menu_order":0,"comment_status":"closed","ping_status":"closed","template":"","meta":{"footnotes":""},"class_list":["post-201","page","type-page","status-publish","hentry"],"_links":{"self":[{"href":"http:\/\/www.polanski-bau.de\/index.php?rest_route=\/wp\/v2\/pages\/201","targetHints":{"allow":["GET"]}}],"collection":[{"href":"http:\/\/www.polanski-bau.de\/index.php?rest_route=\/wp\/v2\/pages"}],"about":[{"href":"http:\/\/www.polanski-bau.de\/index.php?rest_route=\/wp\/v2\/types\/page"}],"author":[{"embeddable":true,"href":"http:\/\/www.polanski-bau.de\/index.php?rest_route=\/wp\/v2\/users\/1"}],"replies":[{"embeddable":true,"href":"http:\/\/www.polanski-bau.de\/index.php?rest_route=%2Fwp%2Fv2%2Fcomments&post=201"}],"version-history":[{"count":3,"href":"http:\/\/www.polanski-bau.de\/index.php?rest_route=\/wp\/v2\/pages\/201\/revisions"}],"predecessor-version":[{"id":215,"href":"http:\/\/www.polanski-bau.de\/index.php?rest_route=\/wp\/v2\/pages\/201\/revisions\/215"}],"wp:attachment":[{"href":"http:\/\/www.polanski-bau.de\/index.php?rest_route=%2Fwp%2Fv2%2Fmedia&parent=201"}],"curies":[{"name":"wp","href":"https:\/\/api.w.org\/{rel}","templated":true}]}}